{"id":223,"date":"2024-05-12T16:05:59","date_gmt":"2024-05-12T14:05:59","guid":{"rendered":"http:\/\/newone.zakonki.pl\/?page_id=223"},"modified":"2025-01-08T13:17:15","modified_gmt":"2025-01-08T12:17:15","slug":"parking","status":"publish","type":"page","link":"https:\/\/zakonki.pl\/?page_id=223","title":{"rendered":"Warunki"},"content":{"rendered":"\n<p><strong>LOKALIZACJA<\/strong><\/p>\n\n\n\n<p>Zakonki odbywaj\u0105 w Skarbimierzu, na terenie kt\u00f3ry przylega do poniemieckiego lotniska (obecnie przeznaczonego na cele gospodarcze), a kt\u00f3ry stanowi pozosta\u0142o\u015b\u0107 po sk\u0142adzie bomb i bazie paliwowej s\u0142u\u017c\u0105cych do jego obs\u0142ugi. Do naszej dyspozycji zosta\u0142 wydzielony teren, na kt\u00f3rym znajduje si\u0119 kilkana\u015bcie parterowych budynk\u00f3w o sporej powierzchni roz\u0142o\u017conych wzd\u0142u\u017c asfaltowej drogi. Na terenie znajduje si\u0119 r\u00f3wnie\u017c dedykowany parking, specjalne pole namiotowe jak i wydzielone miejsce na du\u017ce integracyjne ognisko. Teren samej imprezy mo\u017ce by\u0107 oczywi\u015bcie wi\u0119kszy, i obejmowa\u0107 pobliskie lasy, w kt\u00f3rych znajduj\u0105 si\u0119 wytyczone trasy do jazdy off-roadowej. Postaramy si\u0119 tak wykorzysta\u0107 jak najlepiej dost\u0119pn\u0105 infrastruktur\u0119, \u017ceby zapewni\u0107 Wam maksymalny komfort.<\/p>\n\n\n\n<p>Teren na kt\u00f3rym odbywaj\u0105 si\u0119 Zakonki nale\u017cy do brzeskiego stowarzyszenia off-roadowego \u201cBrzeg 4&#215;4\u201d, wi\u0119c korzystamy z niego z poszanowaniem wszelkich ustalonych przez nich regu\u0142 i zasad.<\/p>\n\n\n\n<p><strong>DOJAZD<\/strong><\/p>\n\n\n\n<p>W google maps wpiszcie Zakonki lub koordynaty 50.830998, 17.375847.<br>Na teren imprezy najpro\u015bciej dosta\u0107 si\u0119 autem, ale mo\u017cna r\u00f3wnie\u017c dojecha\u0107 kolej\u0105 do Brzegu. Stamt\u0105d czeka Was spacer 10km lub dojazd autobusem komunikacji miejskiej. <\/p>\n\n\n\n<p><strong>PARKING<\/strong><\/p>\n\n\n\n<p>Teren konwentu ma sw\u00f3j niestrze\u017cony obszar parkingowy. Nie b\u0119dziecie mieli problem\u00f3w z pozostawieniem swojego pojazdu. Nie parkujemy pojazd\u00f3w poza stref\u0105 parkingow\u0105, a teren konwentu od 10:00 w czwartek do 10:00 w niedziele b\u0119dzie zamkni\u0119ty dla wjazdu i wyjazdu pojazd\u00f3w. Je\u017celi przyje\u017cd\u017cacie wcze\u015bniej to po rozpakowaniu rzeczy odstawcie swoje pojazdy na parking. Nie parkujemy pojazd\u00f3w w strefie konwentowej.<\/p>\n\n\n\n<p><strong>KAMPERY<\/strong><\/p>\n\n\n\n<p>Je\u017celi planujecie przyjecha\u0107 kamperami i rozstawi\u0107 si\u0119 na polu namiotowym zg\u0142o\u015bcie nam ten fakt wcze\u015bniej, najch\u0119tniej poprzez wiadomo\u015b\u0107 na naszym fanpage&#8217;u na facebooku lub drog\u0105 mailow\u0105.<\/p>\n\n\n\n<p><strong>WY\u017bYWIENIE<\/strong><\/p>\n\n\n\n<p>Bar b\u0119dzie czynny od 10 do 1 w nocy (godziny orientacyjne). B\u0119dzie mo\u017cna naby\u0107 tam napoje &#8211; od soku zaczynaj\u0105c na mocniejszych trunkach ko\u0144cz\u0105c &#8211; a tak\u017ce suchy prowiant w formie chips\u00f3w. Na miejscu r\u00f3wnie\u017c mo\u017cna b\u0119dzie kupi\u0107 ciep\u0142e posi\u0142ki z grilla i kuchni polowej. Tradycyjnie dost\u0119pna b\u0119dzie kie\u0142ba albo karczek oraz szlagier Zakonek czyli tosty. Dla ch\u0119tnych istnieje mo\u017cliwo\u015b\u0107 otworzenia rachunku &#8211; wp\u0142acacie raz konkretn\u0105 kwot\u0119 na swoje konto i nie musicie za ka\u017cdym razem bra\u0107 got\u00f3wki. Nie b\u0119dzie mo\u017cliwo\u015bci p\u0142atno\u015bci kart\u0105.<\/p>\n\n\n\n<p><strong>HIGIENA<\/strong><\/p>\n\n\n\n<p>Na terenie imprezy b\u0119d\u0105 wystawione regularnie opr\u00f3\u017cniane toiki &#8211; nie ma potrzeby chodzenia z saperk\u0105 w las. Dodatkowo, b\u0119d\u0105 dost\u0119pne trzy prysznice oraz zbiorniki z wod\u0105. W przypadku kiedy si\u0119 ona sko\u0144czy, a nie zd\u0105\u017cymy uzupe\u0142ni\u0107, na barze b\u0119d\u0105 dost\u0119pne baniaki z wod\u0105.<\/p>\n\n\n\n<p><strong>NOCLEG<\/strong><\/p>\n\n\n\n<p>Do dyspozycji b\u0119dzie pole namiotowe oraz jeden budynek sypialny. <\/p>\n\n\n\n<p><strong>OBOZY FRAKCYJNE<\/strong><\/p>\n\n\n\n<p>Je\u017celi przyje\u017cd\u017cacie wi\u0119ksz\u0105 ekip\u0105 i chcecie mie\u0107 swoje wydzielone miejsce skontaktujcie si\u0119 z nami poprzez wiadomo\u015b\u0107 na naszym fanpage&#8217;u na facebooku lub drog\u0105 mailow\u0105. Dysponujemy miejscami innymi ni\u017c pole namiotowe oraz dodatkowymi budynkami. <\/p>\n","protected":false},"excerpt":{"rendered":"<p>LOKALIZACJA Zakonki odbywaj\u0105 w Skarbimierzu, na terenie kt\u00f3ry przylega do poniemieckiego lotniska (obecnie przeznaczonego na cele gospodarcze), a kt\u00f3ry stanowi pozosta\u0142o\u015b\u0107 po sk\u0142adzie bomb i bazie paliwowej s\u0142u\u017c\u0105cych do jego obs\u0142ugi. Do naszej dyspozycji zosta\u0142 wydzielony teren, na kt\u00f3rym znajduje si\u0119 kilkana\u015bcie parterowych budynk\u00f3w o sporej powierzchni roz\u0142o\u017conych wzd\u0142u\u017c asfaltowej drogi. Na terenie znajduje si\u0119 [&hellip;]<\/p>\n","protected":false},"author":1,"featured_media":0,"parent":0,"menu_order":0,"comment_status":"closed","ping_status":"closed","template":"","meta":{"footnotes":""},"class_list":["post-223","page","type-page","status-publish","hentry"],"blocksy_meta":[],"_links":{"self":[{"href":"https:\/\/zakonki.pl\/index.php?rest_route=\/wp\/v2\/pages\/223","targetHints":{"allow":["GET"]}}],"collection":[{"href":"https:\/\/zakonki.pl\/index.php?rest_route=\/wp\/v2\/pages"}],"about":[{"href":"https:\/\/zakonki.pl\/index.php?rest_route=\/wp\/v2\/types\/page"}],"author":[{"embeddable":true,"href":"https:\/\/zakonki.pl\/index.php?rest_route=\/wp\/v2\/users\/1"}],"replies":[{"embeddable":true,"href":"https:\/\/zakonki.pl\/index.php?rest_route=%2Fwp%2Fv2%2Fcomments&post=223"}],"version-history":[{"count":8,"href":"https:\/\/zakonki.pl\/index.php?rest_route=\/wp\/v2\/pages\/223\/revisions"}],"predecessor-version":[{"id":625,"href":"https:\/\/zakonki.pl\/index.php?rest_route=\/wp\/v2\/pages\/223\/revisions\/625"}],"wp:attachment":[{"href":"https:\/\/zakonki.pl\/index.php?rest_route=%2Fwp%2Fv2%2Fmedia&parent=223"}],"curies":[{"name":"wp","href":"https:\/\/api.w.org\/{rel}","templated":true}]}}