{"id":287,"date":"2024-05-15T19:46:02","date_gmt":"2024-05-15T17:46:02","guid":{"rendered":"http:\/\/newone.zakonki.pl\/?page_id=287"},"modified":"2024-05-19T18:08:11","modified_gmt":"2024-05-19T16:08:11","slug":"mariuszki","status":"publish","type":"page","link":"https:\/\/zakonki.pl\/?page_id=287","title":{"rendered":"Mariuszki"},"content":{"rendered":"\n<p><strong>Co to?<\/strong><\/p>\n\n\n\n<p>Mariuszki to m\u00f3wi\u0105c najpro\u015bciej <strong>waluta konwentowa<\/strong>.<\/p>\n\n\n\n<p><strong>Jak je zdoby\u0107?<\/strong><\/p>\n\n\n\n<p>Nic prostszego, wystarczy bra\u0107 udzia\u0142 w przygotowanych dla Was atrakcjach, w tym r\u00f3wnie\u017c w LARP-ie.<\/p>\n\n\n\n<p><strong>Jak je wyda\u0107?<\/strong><\/p>\n\n\n\n<p>Mo\u017cecie w dowolnym momencie wpa\u015b\u0107 do Sklepiku Konwentowego i wymieni\u0107 zdobyte Mariuszki na nagrody lub poczeka\u0107 do ostatniego dnia imprezy i wzi\u0105\u0107 udzia\u0142 w licytacji.<\/p>\n\n\n\n<p><strong>Czy fanty b\u0119d\u0105 atrakcyjne?<\/strong><\/p>\n\n\n\n<p> Przejrzyjcie list\u0119 sponsor\u00f3w i odpowiedzcie sobie sami na to pytanie.<\/p>\n","protected":false},"excerpt":{"rendered":"<p>Co to? Mariuszki to m\u00f3wi\u0105c najpro\u015bciej waluta konwentowa. Jak je zdoby\u0107? Nic prostszego, wystarczy bra\u0107 udzia\u0142 w przygotowanych dla Was atrakcjach, w tym r\u00f3wnie\u017c w LARP-ie. Jak je wyda\u0107? Mo\u017cecie w dowolnym momencie wpa\u015b\u0107 do Sklepiku Konwentowego i wymieni\u0107 zdobyte Mariuszki na nagrody lub poczeka\u0107 do ostatniego dnia imprezy i wzi\u0105\u0107 udzia\u0142 w licytacji. Czy [&hellip;]<\/p>\n","protected":false},"author":1,"featured_media":0,"parent":0,"menu_order":0,"comment_status":"closed","ping_status":"closed","template":"","meta":{"footnotes":""},"class_list":["post-287","page","type-page","status-publish","hentry"],"blocksy_meta":[],"_links":{"self":[{"href":"https:\/\/zakonki.pl\/index.php?rest_route=\/wp\/v2\/pages\/287","targetHints":{"allow":["GET"]}}],"collection":[{"href":"https:\/\/zakonki.pl\/index.php?rest_route=\/wp\/v2\/pages"}],"about":[{"href":"https:\/\/zakonki.pl\/index.php?rest_route=\/wp\/v2\/types\/page"}],"author":[{"embeddable":true,"href":"https:\/\/zakonki.pl\/index.php?rest_route=\/wp\/v2\/users\/1"}],"replies":[{"embeddable":true,"href":"https:\/\/zakonki.pl\/index.php?rest_route=%2Fwp%2Fv2%2Fcomments&post=287"}],"version-history":[{"count":5,"href":"https:\/\/zakonki.pl\/index.php?rest_route=\/wp\/v2\/pages\/287\/revisions"}],"predecessor-version":[{"id":329,"href":"https:\/\/zakonki.pl\/index.php?rest_route=\/wp\/v2\/pages\/287\/revisions\/329"}],"wp:attachment":[{"href":"https:\/\/zakonki.pl\/index.php?rest_route=%2Fwp%2Fv2%2Fmedia&parent=287"}],"curies":[{"name":"wp","href":"https:\/\/api.w.org\/{rel}","templated":true}]}}