{"id":444,"date":"2024-07-09T08:53:25","date_gmt":"2024-07-09T06:53:25","guid":{"rendered":"https:\/\/zakonki.pl\/?page_id=444"},"modified":"2025-07-29T08:04:29","modified_gmt":"2025-07-29T06:04:29","slug":"npc","status":"publish","type":"page","link":"https:\/\/zakonki.pl\/?page_id=444","title":{"rendered":"NPC"},"content":{"rendered":"\n<div class=\"wp-block-media-text is-stacked-on-mobile\" style=\"grid-template-columns:22% auto\"><figure class=\"wp-block-media-text__media\"><img loading=\"lazy\" decoding=\"async\" width=\"1200\" height=\"1200\" src=\"https:\/\/zakonki.pl\/wp-content\/uploads\/2025\/07\/1946ed5a-c951-46de-9ab9-ec6c20b8e29c.jpg\" alt=\"\" class=\"wp-image-832 size-full\"\/><\/figure><div class=\"wp-block-media-text__content\">\n<p><em>S\u0142ynny na ca\u0142e Pustkowia konferansjer. Jego charyzma, magnetyczny g\u0142os i b\u0142yszcz\u0105ca osobowo\u015b\u0107 u\u015bwietni\u0105 ka\u017cde wydarzenie kulturalne. No i ten w\u0105s.<\/em><\/p>\n\n\n\n<p>Leopold Z\u0142otow\u0105s poprowadzi dla Was<em> <\/em>otwarcie larpa oraz fina\u0142ow\u0105 Gr\u0119 Wieczoru.<\/p>\n<\/div><\/div>\n\n\n\n<div class=\"wp-block-media-text is-stacked-on-mobile\" style=\"grid-template-columns:22% auto\"><figure class=\"wp-block-media-text__media\"><img loading=\"lazy\" decoding=\"async\" width=\"1200\" height=\"1200\" src=\"https:\/\/zakonki.pl\/wp-content\/uploads\/2025\/07\/8d073b6a-3328-4d13-bab3-051e9806c08b.jpg\" alt=\"\" class=\"wp-image-829 size-full\"\/><\/figure><div class=\"wp-block-media-text__content\">\n<p><em>Najm\u0142odszy cz\u0142onek karawany cho\u0107 jest w niej najd\u0142u\u017cej sta\u017cem i nikt nie wie jak to mo\u017cliwe. M\u0142odo\u015b\u0107, jurno\u015b\u0107, m\u0142odzie\u017cowy slang to jego aspekt. Ale jaki jest jego sekret?<\/em><\/p>\n\n\n\n<p>Krzysztof Jidisz poprowadzi dla Was &#8222;BEZBEK&#8221; &#8211; teleturniej w kt\u00f3rym b\u0119dzie roz\u015bmiesza\u0107 swoich oponent\u00f3w. <\/p>\n<\/div><\/div>\n\n\n\n<div class=\"wp-block-media-text is-stacked-on-mobile\" style=\"grid-template-columns:22% auto\"><figure class=\"wp-block-media-text__media\"><img loading=\"lazy\" decoding=\"async\" width=\"1200\" height=\"1200\" src=\"https:\/\/zakonki.pl\/wp-content\/uploads\/2025\/07\/2db8482c-1e1e-4068-90c2-4e244c7ab915.jpg\" alt=\"\" class=\"wp-image-828 size-full\"\/><\/figure><div class=\"wp-block-media-text__content\">\n<p><em>Tadeusz to u\u015bmiech ca\u0142ej karawany, reprezentuje aspekt \u015bmiechu. Na ka\u017cd\u0105 okazj\u0119 ma komentarz, roz\u0142adowuje ca\u0142y stres z jakim karawana zmierza si\u0119 podczas podr\u00f3zy przez wasteland. Pono\u0107 kiedy\u015b gdy karawana zosta\u0142a napadni\u0119ta przez raiders\u00f3w, to usz\u0142a z \u017cyciem w\u0142a\u015bnie dzi\u0119ki Tadeuszowi. Powodem dla kt\u00f3rego zostawiono ich przy \u017cyciu by\u0142 obowi\u0105zek dopilnowania \u017ceby Tadeusz nigdy ju\u017c si\u0119 do okupywanego przez nich szlaku nie zbli\u017cy\u0142.<\/em><\/p>\n\n\n\n<p>Tadeusz Bruzda poprowadzi dla Was &#8222;DW\u00d3CH Z DZIESI\u0118CIU&#8221; &#8211; teleturniej kt\u00f3ry sprawdzi nie tylko Wasz\u0105 wiedz\u0119, ale r\u00f3wnie\u017c wol\u0119 walki.<\/p>\n<\/div><\/div>\n\n\n\n<div class=\"wp-block-media-text is-stacked-on-mobile\" style=\"grid-template-columns:22% auto\"><figure class=\"wp-block-media-text__media\"><img loading=\"lazy\" decoding=\"async\" width=\"1200\" height=\"1200\" src=\"https:\/\/zakonki.pl\/wp-content\/uploads\/2025\/07\/19c3f3db-4c81-4e87-ac0c-56b50c5e6a83.jpg\" alt=\"\" class=\"wp-image-830 size-full\"\/><\/figure><div class=\"wp-block-media-text__content\">\n<p><em>Rudy jest zdecydowanie najbardziej przyjaznym cz\u0142onkiem karawany. Mo\u017cna go znale\u017a\u0107 zawsze tam gdzie dziej\u0105 si\u0119 jakie\u015b rzeczy. Niezmordowanie ciekawski, zawsze w centrum wydarze\u0144 gotowy pomaga\u0107, doradza\u0107 i wspiera\u0107. Nasza karawana nie da\u0142aby rady bez niego. Jest dla nas aspektem przyja\u017ani. <\/em><\/p>\n\n\n\n<p>Rudy Hubert poprowadzi dla Was &#8222;TRZY AKORDY DARCIE MORDY&#8221; &#8211; mamy nadzieje, \u017ce jeste\u015bcie dobrzy z muzyki.<\/p>\n<\/div><\/div>\n\n\n\n<div class=\"wp-block-media-text is-stacked-on-mobile\" style=\"grid-template-columns:22% auto\"><figure class=\"wp-block-media-text__media\"><img loading=\"lazy\" decoding=\"async\" width=\"1200\" height=\"1200\" src=\"https:\/\/zakonki.pl\/wp-content\/uploads\/2025\/07\/33ebceba-d8f0-4934-9a53-bfb227411a48.jpg\" alt=\"\" class=\"wp-image-831 size-full\"\/><\/figure><div class=\"wp-block-media-text__content\">\n<p><em>Karol reprezentuje aspekt rywalizacji. W karawanie odpowiada za planowanie trasy, g\u0142\u00f3wnie poprzez rozmowy i zdobywanie informacji o \u015bcie\u017cce. Nie zawsze pyta o to odpowiednich ludzi, ale nikt si\u0119 tym nie przejmuje.<\/em><\/p>\n\n\n\n<p>Karol Cheesburger wraz z Henrykiem Kani\u0105 poprowadz\u0105 dla Was:<br>&#8222;CHO NO TU&#8221; &#8211; epickie zawody w berka<br>&#8222;BIALI NINJA&#8221; &#8211; fizyczne zmagania na torze przeszk\u00f3d<\/p>\n<\/div><\/div>\n\n\n\n<div class=\"wp-block-media-text is-stacked-on-mobile\" style=\"grid-template-columns:22% auto\"><figure class=\"wp-block-media-text__media\"><img loading=\"lazy\" decoding=\"async\" width=\"1200\" height=\"1200\" src=\"https:\/\/zakonki.pl\/wp-content\/uploads\/2025\/07\/b7be8cf4-b330-4ced-9898-769a8759fc37.jpg\" alt=\"\" class=\"wp-image-833 size-full\"\/><\/figure><div class=\"wp-block-media-text__content\">\n<p><em>Najstarszy, wywa\u017cony, reprezentuj\u0105cy aspekt wiedzy. M\u00f3zg ca\u0142ej karawany, to dzi\u0119ki niemu karawana nie jest chaotyczn\u0105 sklejk\u0105 ludzi z r\u00f3\u017cnych planet. Rozumie potencja\u0142 dobrej zabawy i wie na czym polega, troch\u0119 gardzi przyziemnymi rozrywkami acz rozumie \u017ce czasami musi byc na nie miejsce.\u00a0<\/em><\/p>\n\n\n\n<p>Tadeusz Sznup poprowadzi dla Was &#8222;TANIEC Z PRZYCHLASTAMI&#8221; &#8211; czyli takie zmagania w ta\u0144cu.<\/p>\n<\/div><\/div>\n\n\n\n<div class=\"wp-block-media-text is-stacked-on-mobile\" style=\"grid-template-columns:22% auto\"><figure class=\"wp-block-media-text__media\"><img loading=\"lazy\" decoding=\"async\" width=\"1200\" height=\"1200\" src=\"https:\/\/zakonki.pl\/wp-content\/uploads\/2025\/07\/b8dd503c-0b0b-4780-9bc2-39be33e255a9.jpg\" alt=\"\" class=\"wp-image-834 size-full\"\/><\/figure><div class=\"wp-block-media-text__content\">\n<p><em>Henryk Kania czyli St\u0119szewski magnat masarski, bogaty jak sto chuj\u00f3w, podr\u00f3\u017cuje sobie po wastelandzie i szuka rozrywek. Aktualnie do\u0142\u0105czy\u0142 do Karawany Rozrywkowej, poniewa\u017c chce jeszcze raz pos\u0142uchac Bary\u0142y Miodowicz, kt\u00f3ra by\u0142a jego crushem z lat szkolnych. A przy okazji bawi si\u0119 \u015bwietnie ka\u017c\u0105c graczom robi\u0107 r\u00f3\u017cne rzeczy.\u00a0Aspekt bogactwa.<\/em><\/p>\n\n\n\n<p>Henryk Kania wraz z Karolem Cheesburgerem poprowadz\u0105 dla Was:<br>&#8222;CHO NO TU&#8221; &#8211; epickie zawody w berka<br>&#8222;BIALI NINJA&#8221; &#8211; fizyczne zmagania na torze przeszk\u00f3d<br><\/p>\n<\/div><\/div>\n\n\n\n<div class=\"wp-block-media-text is-stacked-on-mobile\" style=\"grid-template-columns:22% auto\"><figure class=\"wp-block-media-text__media\"><img loading=\"lazy\" decoding=\"async\" width=\"1200\" height=\"1200\" src=\"https:\/\/zakonki.pl\/wp-content\/uploads\/2025\/07\/fbb91b22-039a-4b66-82c6-4243fbf4cb00.jpg\" alt=\"\" class=\"wp-image-835 size-full\"\/><\/figure><div class=\"wp-block-media-text__content\">\n<p><em>Zawsze na posterunku, zawsze w gotowo\u015bci. To dzi\u0119ki mr\u00f3wczej pracy Obs\u0142ugi nasza Karawana Rozrywkowa dzia\u0142a tak sprawnie. Przynios\u0105 co trzeba i ustawi\u0105 gdzie trzeba. Podadz\u0105 mikrofon, wod\u0119 oraz przywal\u0105 w razie potrzeby. Poznacie ich po eleganckich czerwonych muchach. <\/em><\/p>\n\n\n\n<p>Obs\u0142uga jak sama nazwa wskazuje b\u0119dzie odpowiedzialna za wszelkie techniczne aspekty larpa. Bior\u0105 oni jednak aktywny udzia\u0142 w grze jako NPC i r\u00f3wnie\u017c mog\u0105 mie\u0107 dla Was zadania. <\/p>\n<\/div><\/div>\n","protected":false},"excerpt":{"rendered":"<p>S\u0142ynny na ca\u0142e Pustkowia konferansjer. Jego charyzma, magnetyczny g\u0142os i b\u0142yszcz\u0105ca osobowo\u015b\u0107 u\u015bwietni\u0105 ka\u017cde wydarzenie kulturalne. No i ten w\u0105s. Leopold Z\u0142otow\u0105s poprowadzi dla Was otwarcie larpa oraz fina\u0142ow\u0105 Gr\u0119 Wieczoru. Najm\u0142odszy cz\u0142onek karawany cho\u0107 jest w niej najd\u0142u\u017cej sta\u017cem i nikt nie wie jak to mo\u017cliwe. M\u0142odo\u015b\u0107, jurno\u015b\u0107, m\u0142odzie\u017cowy slang to jego aspekt. Ale [&hellip;]<\/p>\n","protected":false},"author":1,"featured_media":0,"parent":0,"menu_order":0,"comment_status":"closed","ping_status":"closed","template":"","meta":{"footnotes":""},"class_list":["post-444","page","type-page","status-publish","hentry"],"blocksy_meta":[],"_links":{"self":[{"href":"https:\/\/zakonki.pl\/index.php?rest_route=\/wp\/v2\/pages\/444","targetHints":{"allow":["GET"]}}],"collection":[{"href":"https:\/\/zakonki.pl\/index.php?rest_route=\/wp\/v2\/pages"}],"about":[{"href":"https:\/\/zakonki.pl\/index.php?rest_route=\/wp\/v2\/types\/page"}],"author":[{"embeddable":true,"href":"https:\/\/zakonki.pl\/index.php?rest_route=\/wp\/v2\/users\/1"}],"replies":[{"embeddable":true,"href":"https:\/\/zakonki.pl\/index.php?rest_route=%2Fwp%2Fv2%2Fcomments&post=444"}],"version-history":[{"count":7,"href":"https:\/\/zakonki.pl\/index.php?rest_route=\/wp\/v2\/pages\/444\/revisions"}],"predecessor-version":[{"id":836,"href":"https:\/\/zakonki.pl\/index.php?rest_route=\/wp\/v2\/pages\/444\/revisions\/836"}],"wp:attachment":[{"href":"https:\/\/zakonki.pl\/index.php?rest_route=%2Fwp%2Fv2%2Fmedia&parent=444"}],"curies":[{"name":"wp","href":"https:\/\/api.w.org\/{rel}","templated":true}]}}