{"id":591,"date":"2024-07-25T17:48:51","date_gmt":"2024-07-25T15:48:51","guid":{"rendered":"https:\/\/zakonki.pl\/?page_id=591"},"modified":"2024-07-25T18:07:05","modified_gmt":"2024-07-25T16:07:05","slug":"mapka-terenu","status":"publish","type":"page","link":"https:\/\/zakonki.pl\/?page_id=591","title":{"rendered":"Mapka terenu"},"content":{"rendered":"\n<p>No to klasycznie zapraszamy zapozna\u0107 si\u0119 z tym co gdzie jest na Zakonkach!<\/p>\n\n\n\n<p><a href=\"https:\/\/www.google.com\/maps\/d\/viewer?mid=1CHspZNE32hov27MPaqO8hKpanjbZtso&amp;ll=50.83112675794185%2C17.375900749999985&amp;z=18\">MAPKA TERENU<\/a><\/p>\n\n\n\n<p>B\u0119dzie si\u0119 dzia\u0142o!<\/p>\n","protected":false},"excerpt":{"rendered":"<p>No to klasycznie zapraszamy zapozna\u0107 si\u0119 z tym co gdzie jest na Zakonkach! MAPKA TERENU B\u0119dzie si\u0119 dzia\u0142o!<\/p>\n","protected":false},"author":1,"featured_media":0,"parent":0,"menu_order":0,"comment_status":"closed","ping_status":"closed","template":"","meta":{"footnotes":""},"class_list":["post-591","page","type-page","status-publish","hentry"],"blocksy_meta":[],"_links":{"self":[{"href":"https:\/\/zakonki.pl\/index.php?rest_route=\/wp\/v2\/pages\/591","targetHints":{"allow":["GET"]}}],"collection":[{"href":"https:\/\/zakonki.pl\/index.php?rest_route=\/wp\/v2\/pages"}],"about":[{"href":"https:\/\/zakonki.pl\/index.php?rest_route=\/wp\/v2\/types\/page"}],"author":[{"embeddable":true,"href":"https:\/\/zakonki.pl\/index.php?rest_route=\/wp\/v2\/users\/1"}],"replies":[{"embeddable":true,"href":"https:\/\/zakonki.pl\/index.php?rest_route=%2Fwp%2Fv2%2Fcomments&post=591"}],"version-history":[{"count":3,"href":"https:\/\/zakonki.pl\/index.php?rest_route=\/wp\/v2\/pages\/591\/revisions"}],"predecessor-version":[{"id":595,"href":"https:\/\/zakonki.pl\/index.php?rest_route=\/wp\/v2\/pages\/591\/revisions\/595"}],"wp:attachment":[{"href":"https:\/\/zakonki.pl\/index.php?rest_route=%2Fwp%2Fv2%2Fmedia&parent=591"}],"curies":[{"name":"wp","href":"https:\/\/api.w.org\/{rel}","templated":true}]}}