{"id":78,"date":"2024-05-05T11:32:00","date_gmt":"2024-05-05T09:32:00","guid":{"rendered":"http:\/\/newone.zakonki.pl\/?page_id=78"},"modified":"2026-03-02T09:04:52","modified_gmt":"2026-03-02T08:04:52","slug":"akredytacja","status":"publish","type":"page","link":"https:\/\/zakonki.pl\/?page_id=78","title":{"rendered":"Akredytacja"},"content":{"rendered":"\n<p id=\"https:\/\/docs.google.com\/forms\/d\/e\/1FAIpQLSen0QI-DqqZrsVEzo9dkEnpeX0sBljmyVPnOMVoknIGei-kGw\/viewform?fbclid=IwZXh0bgNhZW0CMTAAAR3c9wDQ_VUQgQT4fiHkyrkqBkelZgOpNXchiWPYUCD6efqrpHThcOSGUL8_aem_Aanba-iQv7gtxFZsUqlqGafpXb_HZbZEb7ztKu5rZl7ICg6BM_SYdxTqOmdcJ7tOBTk77iPytTYIhMLW6F9dZw_M\">Akredytacja na Zakonki 2026 odbywa\u0107 si\u0119 b\u0119dzie w dw\u00f3ch turach:<\/p>\n\n\n\n<p><strong>Pierwsza tura:\u00a0<\/strong><span style=\"text-decoration: underline;\"><em>1.03.2026- 30.04.2026 to 220 z\u0142<\/em><\/span><\/p>\n\n\n\n<p><strong>Druga tura:<\/strong>\u00a0<span style=\"text-decoration: underline;\"><em>1.05.2026 &#8211; 31.07.2026 to 270 z\u0142<\/em><\/span><br><br>\u017beby wzi\u0105\u0107 udzia\u0142 w Zakonkach 2026 wype\u0142nij poni\u017cszy formularz akredytacyjny oraz op\u0142a\u0107 uczestnictwo:<\/p>\n\n\n\n<p> <a href=\"https:\/\/forms.gle\/1tzgSpQw3c4mF4jv8\">LINK DO FORMULARZA<\/a><\/p>\n\n\n\n<p>Numer konta do wp\u0142at pojawi si\u0119 na ko\u0144cu formularza.<\/p>\n\n\n\n<p>Tylko wype\u0142niony formularz oraz op\u0142acona akredytacja gwarantuj\u0105 miejsce na imprezie. <br>Liczba miejsc ograniczona &#8211; 300.<\/p>\n\n\n\n<p><strong>NIE B\u0118DZIE MO\u017bLIWO\u015aCI ZAKUPU AKREDYTACJI NA MIEJSCU<\/strong><\/p>\n\n\n\n<p><\/p>\n","protected":false},"excerpt":{"rendered":"<p>Akredytacja na Zakonki 2026 odbywa\u0107 si\u0119 b\u0119dzie w dw\u00f3ch turach: Pierwsza tura:\u00a01.03.2026- 30.04.2026 to 220 z\u0142 Druga tura:\u00a01.05.2026 &#8211; 31.07.2026 to 270 z\u0142 \u017beby wzi\u0105\u0107 udzia\u0142 w Zakonkach 2026 wype\u0142nij poni\u017cszy formularz akredytacyjny oraz op\u0142a\u0107 uczestnictwo: LINK DO FORMULARZA Numer konta do wp\u0142at pojawi si\u0119 na ko\u0144cu formularza. Tylko wype\u0142niony formularz oraz op\u0142acona akredytacja gwarantuj\u0105 [&hellip;]<\/p>\n","protected":false},"author":1,"featured_media":0,"parent":0,"menu_order":0,"comment_status":"closed","ping_status":"closed","template":"","meta":{"footnotes":""},"class_list":["post-78","page","type-page","status-publish","hentry"],"blocksy_meta":[],"_links":{"self":[{"href":"https:\/\/zakonki.pl\/index.php?rest_route=\/wp\/v2\/pages\/78","targetHints":{"allow":["GET"]}}],"collection":[{"href":"https:\/\/zakonki.pl\/index.php?rest_route=\/wp\/v2\/pages"}],"about":[{"href":"https:\/\/zakonki.pl\/index.php?rest_route=\/wp\/v2\/types\/page"}],"author":[{"embeddable":true,"href":"https:\/\/zakonki.pl\/index.php?rest_route=\/wp\/v2\/users\/1"}],"replies":[{"embeddable":true,"href":"https:\/\/zakonki.pl\/index.php?rest_route=%2Fwp%2Fv2%2Fcomments&post=78"}],"version-history":[{"count":9,"href":"https:\/\/zakonki.pl\/index.php?rest_route=\/wp\/v2\/pages\/78\/revisions"}],"predecessor-version":[{"id":908,"href":"https:\/\/zakonki.pl\/index.php?rest_route=\/wp\/v2\/pages\/78\/revisions\/908"}],"wp:attachment":[{"href":"https:\/\/zakonki.pl\/index.php?rest_route=%2Fwp%2Fv2%2Fmedia&parent=78"}],"curies":[{"name":"wp","href":"https:\/\/api.w.org\/{rel}","templated":true}]}}