{"id":87,"date":"2024-05-05T11:46:41","date_gmt":"2024-05-05T09:46:41","guid":{"rendered":"http:\/\/newone.zakonki.pl\/?page_id=87"},"modified":"2025-12-09T12:45:10","modified_gmt":"2025-12-09T11:45:10","slug":"o-nas","status":"publish","type":"page","link":"https:\/\/zakonki.pl\/","title":{"rendered":"O nas"},"content":{"rendered":"\n<p>Zakonki to impreza o tematyce post apokaliptycznej, tworzona przez cz\u0142onk\u00f3w polskiej spo\u0142eczno\u015bci postapo dla pozosta\u0142ych jej cz\u0142onk\u00f3w.<\/p>\n\n\n\n<p>M\u0105drze napisane, a chodzi po prostu o to, \u017ce robimy t\u0105 imprez\u0119 dla Was!<\/p>\n\n\n\n<p>Od 2007 roku organizujemy dla Was larpy i inne \u015bmieszne atrakcje. Zapewniamy Wam miejsce, jedzenie, spanko oraz sanitariaty. Staramy si\u0119 tworzy\u0107 z Wami i dla Was miejsce gdzie b\u0119dziecie si\u0119 czu\u0107 po prostu dobrze. <\/p>\n\n\n\n<p>No ale kto w sumie tak dok\u0142adnie robi Zakonki? <br>Zakonki zaczyna\u0142y jako impreza organizowana przez bractwo Zakon \u015awi\u0119tego P\u0142omienia i dalej dla nas jest to &#8222;nasza&#8221; impreza. Jednak na przestrzeni czasu zacz\u0119\u0142y do nas do\u0142\u0105cza\u0107 nowe osoby, niekoniecznie z bractwa, a grono org\u00f3w zmienia\u0142o si\u0119.<\/p>\n\n\n\n<p>Teraz z dum\u0105 mo\u017cemy powiedzie\u0107, \u017ce Zakonki organizowane s\u0105 przez:<\/p>\n\n\n\n<p><strong>Zakon \u015awi\u0119tego P\u0142omienia oraz Przyjaci\u00f3\u0142!<\/strong><\/p>\n\n\n\n<p>Tegoroczny sk\u0142ad grona orgowskiego w kolejno\u015bci absolutnie losowej to:<\/p>\n\n\n\n<p><strong>Pola, Jano, A\u015b, Fuju, Renifer, Samlis, Havoc, Willow, \u0141o\u015b, Pawe\u0142ek, Kuczyn, Michu, Nicha, Kud\u0142aty, Rubin, Wilku, Darker, Reliah, Szynszyl, Darek, Jeff, Seba, Agata, Leon, Kernel, Wolv i Pani Jadzia<\/strong><\/p>\n\n\n\n<p>Z tego miejsca jako osoba kt\u00f3ra pisze te teksty, dzi\u0119kuje wszystkim orgom, za prac\u0119 i ilo\u015b\u0107 wk\u0142adanego serca!<\/p>\n\n\n\n<p>ps. podzi\u0119kowania skierowane s\u0105 r\u00f3wnie\u017c do wszystkich org\u00f3w i os\u00f3b kt\u00f3re przewin\u0119\u0142y si\u0119 przez organizacj\u0119 przez ostatnie 17lat, bez Was ta impreza nie by\u0142aby tutaj gdzie teraz jest!<\/p>\n\n\n\n<p><\/p>\n","protected":false},"excerpt":{"rendered":"<p>Zakonki to impreza o tematyce post apokaliptycznej, tworzona przez cz\u0142onk\u00f3w polskiej spo\u0142eczno\u015bci postapo dla pozosta\u0142ych jej cz\u0142onk\u00f3w. M\u0105drze napisane, a chodzi po prostu o to, \u017ce robimy t\u0105 imprez\u0119 dla Was! Od 2007 roku organizujemy dla Was larpy i inne \u015bmieszne atrakcje. Zapewniamy Wam miejsce, jedzenie, spanko oraz sanitariaty. Staramy si\u0119 tworzy\u0107 z Wami i [&hellip;]<\/p>\n","protected":false},"author":1,"featured_media":0,"parent":0,"menu_order":0,"comment_status":"closed","ping_status":"closed","template":"","meta":{"footnotes":""},"class_list":["post-87","page","type-page","status-publish","hentry"],"blocksy_meta":[],"_links":{"self":[{"href":"https:\/\/zakonki.pl\/index.php?rest_route=\/wp\/v2\/pages\/87","targetHints":{"allow":["GET"]}}],"collection":[{"href":"https:\/\/zakonki.pl\/index.php?rest_route=\/wp\/v2\/pages"}],"about":[{"href":"https:\/\/zakonki.pl\/index.php?rest_route=\/wp\/v2\/types\/page"}],"author":[{"embeddable":true,"href":"https:\/\/zakonki.pl\/index.php?rest_route=\/wp\/v2\/users\/1"}],"replies":[{"embeddable":true,"href":"https:\/\/zakonki.pl\/index.php?rest_route=%2Fwp%2Fv2%2Fcomments&post=87"}],"version-history":[{"count":8,"href":"https:\/\/zakonki.pl\/index.php?rest_route=\/wp\/v2\/pages\/87\/revisions"}],"predecessor-version":[{"id":877,"href":"https:\/\/zakonki.pl\/index.php?rest_route=\/wp\/v2\/pages\/87\/revisions\/877"}],"wp:attachment":[{"href":"https:\/\/zakonki.pl\/index.php?rest_route=%2Fwp%2Fv2%2Fmedia&parent=87"}],"curies":[{"name":"wp","href":"https:\/\/api.w.org\/{rel}","templated":true}]}}