{"id":880,"date":"2026-01-12T11:32:00","date_gmt":"2026-01-12T10:32:00","guid":{"rendered":"https:\/\/zakonki.pl\/?page_id=880"},"modified":"2026-03-24T18:27:40","modified_gmt":"2026-03-24T17:27:40","slug":"projekt-community","status":"publish","type":"page","link":"https:\/\/zakonki.pl\/?page_id=880","title":{"rendered":"Projekt Community"},"content":{"rendered":"\n<p><strong><span style=\"text-decoration: underline;\">O CO CHODZI<\/span><br>\u015arodowisko Zakonek to ludzie bardzo kreatywni i to na bardzo wielu r\u00f3\u017cnych polach. <\/strong><br><strong>Dlatego te\u017c chcieliby\u015bmy doceni\u0107 i pokaza\u0107 chocia\u017c cz\u0119\u015b\u0107 tego czym si\u0119 zajmuj\u0105.<\/strong><\/p>\n\n\n\n<p><\/p>\n\n\n\n<div class=\"wp-block-media-text is-stacked-on-mobile\" style=\"grid-template-columns:44% auto\"><figure class=\"wp-block-media-text__media\"><img loading=\"lazy\" decoding=\"async\" width=\"1080\" height=\"1080\" src=\"https:\/\/zakonki.pl\/wp-content\/uploads\/2026\/01\/CP_Fuju.jpg\" alt=\"\" class=\"wp-image-885 size-full\"\/><\/figure><div class=\"wp-block-media-text__content\">\n<p><strong>FUJU<\/strong><\/p>\n\n\n\n<p>Fuju nie tylko jest odpowiedzialna za to jak Zakonki wygl\u0105daj\u0105 &#8211; od festynowych k\u00f3\u0142ek, przez puszki, ko\u0142paki, rewelacyjne plakaty, malowane szyldy na barze, murale a\u017c po neony, decor na polanie, wszystko to jest dzieckiem jej kreatywnego umys\u0142u &#8211; ale jest te\u017c, tak po prostu, rewelacyjnym artyst\u0105.<\/p>\n\n\n\n<p>Jej tw\u00f3rczo\u015b\u0107 craftersk\u0105 mo\u017cecie znale\u017a\u0107 tutaj <a href=\"https:\/\/www.facebook.com\/craftozaur\" data-type=\"link\" data-id=\"https:\/\/www.facebook.com\/craftozaur\">CRAFTOR.<\/a><\/p>\n\n\n\n<p>A \u015bwietne pixelarty tutaj <a href=\"https:\/\/www.instagram.com\/dinostalgic\/\" data-type=\"link\" data-id=\"https:\/\/www.instagram.com\/dinostalgic\/\">DINOSTALGIC.<\/a><\/p>\n\n\n\n<p>Je\u017celi potrzebujesz stroj\u00f3w, grafik i pe\u0142nego profesjonalizmu to wiesz gdzie szuka\u0107, a jak po prostu chcesz doceni\u0107 to nie wahaj si\u0119 podej\u015b\u0107 do Fuju na imprezie i jej to powiedzie\u0107 \ud83d\ude42 <\/p>\n<\/div><\/div>\n\n\n\n<div class=\"wp-block-media-text has-media-on-the-right is-stacked-on-mobile\" style=\"grid-template-columns:auto 45%\"><div class=\"wp-block-media-text__content\">\n<p><strong>OKO\u0143<\/strong><br><br>\u0141obuz na rowerku, dzielny Szajkowicz, ale te\u017c \u015bwietny fotograf przyrody i wirtuoz pirografu!<\/p>\n\n\n\n<p>Od lat wierna zakonkowiczka, kt\u00f3ra widzia\u0142a ka\u017cdy teren na jakim odbywa\u0142a si\u0119 nasza impreza, czasem NPC, czasem \u0107ma barowa, ale zawsze szeroki u\u015bmiech i zara\u017aliwy entuzjazm.<\/p>\n\n\n\n<p>Je\u017celi lubicie zdj\u0119cia przyrody koniecznie znajd\u017acie j\u0105 na instagramie &#8211; <a href=\"https:\/\/www.instagram.com\/pulinzzakrzaka\/\" rel=\"noreferrer noopener\" target=\"_blank\">PULINAZZAKRZAKA<\/a><\/p>\n\n\n\n<p>Podczas Zakonek zajrzyjcie do niej na bazarku.<\/p>\n\n\n\n<p><\/p>\n<\/div><figure class=\"wp-block-media-text__media\"><img loading=\"lazy\" decoding=\"async\" width=\"1080\" height=\"1080\" src=\"https:\/\/zakonki.pl\/wp-content\/uploads\/2026\/01\/CP_Okon-1.jpg\" alt=\"\" class=\"wp-image-895 size-full\"\/><\/figure><\/div>\n\n\n\n<div class=\"wp-block-media-text is-stacked-on-mobile\" style=\"grid-template-columns:44% auto\"><figure class=\"wp-block-media-text__media\"><img loading=\"lazy\" decoding=\"async\" width=\"1080\" height=\"1080\" src=\"https:\/\/zakonki.pl\/wp-content\/uploads\/2026\/02\/CP_Gyshka.png\" alt=\"\" class=\"wp-image-901 size-full\"\/><\/figure><div class=\"wp-block-media-text__content\">\n<p><strong>GYSHKA<\/strong><\/p>\n\n\n\n<p>Artystka aparatu, kt\u00f3ra dzi\u0119ki swojemu wyczuciu estetyki dobrego momentu, tworzy niezapomniane kadry. Wielu z Was widzia\u0142o jej zdj\u0119cia z Zakonek, ale jej portfolio jest o wiele szersze i wchodz\u0105 w jego sk\u0142ad r\u00f3wnie\u017c sesje modelingowe oraz produktowe. <\/p>\n\n\n\n<p>Fun fact niekt\u00f3re z tych produkt\u00f3w tworzy sama!<\/p>\n\n\n\n<p>Opr\u00f3cz tego Gyshka jest po prostu \u015bwietnym grafikiem zaanga\u017cowanym w wiele r\u00f3\u017cnych projekt\u00f3w. Warto wspomnie\u0107, \u017ce to ona odpowiada za opraw\u0119 wizualn\u0105 dla Stowarzyszenia Wolny Craft oraz zwi\u0105zanych z nimi projekt\u00f3w &#8211; w tym m.in. Warszawskiego Festiwalu Piwa!<\/p>\n\n\n\n<p>Znajdziecie j\u0105 <a href=\"https:\/\/www.instagram.com\/gyshkastudio\/\" target=\"_blank\" rel=\"noreferrer noopener\">NA INSTA<\/a> oraz <a href=\"https:\/\/www.facebook.com\/GyshkaStudio\" target=\"_blank\" rel=\"noreferrer noopener\">NA FACEBOOKU<\/a><\/p>\n<\/div><\/div>\n\n\n\n<div class=\"wp-block-media-text has-media-on-the-right is-stacked-on-mobile\" style=\"grid-template-columns:auto 45%\"><div class=\"wp-block-media-text__content\">\n<p><strong>HORACY<\/strong><\/p>\n\n\n\n<p>Prawdziwy cz\u0142owiek renesansu kt\u00f3ry z niejednego chleba piec jad\u0142 (czy jako\u015b tak).<\/p>\n\n\n\n<p>Znacie go przede wszystkim z organizowania i wsp\u00f3\u0142organizowania larp\u00f3w postapo (HydroHome czy Oldtown) oraz prowadzenia swojej w\u0142asnej frakcji Hydronomadzi. Warto wspomnie\u0107, \u017ce prowadzi\u0142 tez kiedy\u015b w\u0142asn\u0105 firm\u0119 eventow\u0105!<\/p>\n\n\n\n<p>Opr\u00f3cz tego Horac jest srogim nerdem, kt\u00f3ry zajmuje si\u0119 wszystkim od tworzenia teren\u00f3w do bitewniak\u00f3w &#8211; za\u0142o\u017cy\u0142 mark\u0119 HRC Wargaming Terrain &#8211; przez prowadzenie sesji rpg i tworzenie do nich scenariuszy, a na wydawaniu ca\u0142ych system\u00f3w ko\u0144cz\u0105c.<\/p>\n\n\n\n<p>Zerknijcie si\u0119 na stron\u0119 jedno najnowszego dziecka tj. systemu rpg <a href=\"https:\/\/ironangels.pl\/\" target=\"_blank\" rel=\"noreferrer noopener\">IRON ANGELS<\/a> oraz sociali erpe\u017ckowych <a href=\"https:\/\/www.facebook.com\/PlayForTroubleRPG\" target=\"_blank\" rel=\"noreferrer noopener\">NA FACEBOOKU<\/a> i <a href=\"https:\/\/www.instagram.com\/play_for_trouble_rpg\/\" target=\"_blank\" rel=\"noreferrer noopener\">NA INSTA<\/a><\/p>\n\n\n\n<p>Jak potrzebujecie nawi\u0105za\u0107 wsp\u00f3\u0142prac\u0119 z zakresu marketingu, grafiki (projektowaniu identyfikacji wizualnej), event\u00f3w, konferansjerki czy turystyki &#8211; Horacy jest osob\u0105 kt\u00f3rej szukacie!<\/p>\n<\/div><figure class=\"wp-block-media-text__media\"><img loading=\"lazy\" decoding=\"async\" width=\"1080\" height=\"1080\" src=\"https:\/\/zakonki.pl\/wp-content\/uploads\/2026\/02\/CP_Horacy.png\" alt=\"\" class=\"wp-image-900 size-full\"\/><\/figure><\/div>\n\n\n\n<div class=\"wp-block-media-text is-stacked-on-mobile\" style=\"grid-template-columns:44% auto\"><figure class=\"wp-block-media-text__media\"><img loading=\"lazy\" decoding=\"async\" width=\"1080\" height=\"1080\" src=\"https:\/\/zakonki.pl\/wp-content\/uploads\/2026\/02\/CP_Gerda.png\" alt=\"\" class=\"wp-image-899 size-full\"\/><\/figure><div class=\"wp-block-media-text__content\">\n<p><strong>GERDA<\/strong><\/p>\n\n\n\n<p>Kobieta guma z zakresami kt\u00f3re budz\u0105 zazdro\u015b\u0107, a przy tym bardzo profesjonalna trenerka, kt\u00f3ra jak nikt potrafi motywowa\u0107 ludzi do pracy.<\/p>\n\n\n\n<p>Je\u017celi wi\u0119c szukacie trenera personalnego, kt\u00f3ry rozci\u0105gnie Was w ka\u017cd\u0105 stron\u0119 to nie szukajcie dalej, bo Gerda specjalizuj\u0119 si\u0119 w stretchingu na poziomie pro, pilatesie na matach oraz szeroko poj\u0119tym treningu funkcjonalnym. Mo\u017cna powiedzie\u0107, \u017ce jej podej\u015bcie jest bardzo holistyczne i og\u00f3\u0142em prozdrowotne.<\/p>\n\n\n\n<p>Warto te\u017c nadmieni\u0107, \u017ce Gerda zajmuje si\u0119 aerialami ze wskazanie na ko\u0142o oraz rurk\u0119, a tak\u017ce taniec w r\u00f3\u017cnych stylach &#8211; zreszt\u0105 wszyscy pami\u0119tamy jej wyst\u0119py w Alkochemicznym barze!<\/p>\n\n\n\n<p>Teraz grzecznie klikamy tutaj -&gt; <a href=\"https:\/\/www.facebook.com\/katarzyna.druc\" target=\"_blank\" rel=\"noreferrer noopener\">FACEBOOKU<\/a> i <a href=\"https:\/\/www.instagram.com\/stretching.ovo\/\" target=\"_blank\" rel=\"noreferrer noopener\">INSTAGRAM<\/a><\/p>\n<\/div><\/div>\n\n\n\n<div class=\"wp-block-media-text has-media-on-the-right is-stacked-on-mobile\" style=\"grid-template-columns:auto 45%\"><div class=\"wp-block-media-text__content\">\n<p><strong>OLA<\/strong><\/p>\n\n\n\n<p>Przed Wami niesamowita artystka, kt\u00f3rej medium jest ludzka sk\u00f3ra. <br>Jej delikatne i bardzo kobiece wzory s\u0105 niezmiennie obiektem naszego podziwu i westchnie\u0144.<br><br>Na co dzie\u0144 Ol\u0119, mo\u017ce spotka\u0107 w Warszawie w \ud835\udc00\ud835\udc04\ud835\udc13\ud835\udc04\ud835\udc11\ud835\udc0d\ud835\udc14\ud835\udc0c \ud835\udc08\ud835\udc0d\ud835\udc0a &amp; \ud835\udc00\ud835\udc11\ud835\udc13.<br>Czy to daleko?<br>My osobi\u015bcie uwa\u017camy, \u017ce dla takich dzie\u0142 sztuki mo\u017cna pojecha\u0107 nawet tam.<br><br><a href=\"https:\/\/www.facebook.com\/profile.php?id=100075687798527\" target=\"_blank\" rel=\"noreferrer noopener\">FACEBOOK<\/a><br><a href=\"https:\/\/www.instagram.com\/bluszczo.kwiatki.tatu\/\" target=\"_blank\" rel=\"noreferrer noopener\">INSTAGRAM<\/a><br><br><br><br><\/p>\n<\/div><figure class=\"wp-block-media-text__media\"><img loading=\"lazy\" decoding=\"async\" width=\"1080\" height=\"1080\" src=\"https:\/\/zakonki.pl\/wp-content\/uploads\/2026\/03\/CP_Ola.png\" alt=\"\" class=\"wp-image-911 size-full\"\/><\/figure><\/div>\n\n\n\n<div class=\"wp-block-media-text is-stacked-on-mobile\" style=\"grid-template-columns:44% auto\"><figure class=\"wp-block-media-text__media\"><img loading=\"lazy\" decoding=\"async\" width=\"1080\" height=\"1080\" src=\"https:\/\/zakonki.pl\/wp-content\/uploads\/2026\/03\/CP_Siekier.png\" alt=\"\" class=\"wp-image-915 size-full\"\/><\/figure><div class=\"wp-block-media-text__content\">\n<p><strong>SIEKIER<\/strong><\/p>\n\n\n\n<p>Cz\u0142owiek-orkiestra, w sensie tak dos\u0142ownie.<br>Gra na wszystkim, naraz, w tym samym czasie, a do tego \u015bpiewa. <br>To nawet nie jest imponuj\u0105ce to jest po prostu niewiarygodne.<\/p>\n\n\n\n<p>Do tego Siekier jest jednym z ojc\u00f3w za\u0142o\u017cycieli Ziem Ja\u0142owych oraz person\u0105 bez kt\u00f3rej polskie postapo nie istnieje.<br><br><a href=\"https:\/\/www.facebook.com\/jacksiekiersky\" target=\"_blank\" rel=\"noreferrer noopener\">FACEBOOK<\/a><br><a href=\"https:\/\/www.instagram.com\/jacksiekiersky\/\" target=\"_blank\" rel=\"noreferrer noopener\">INSTAGRAM<\/a><br><\/p>\n<\/div><\/div>\n\n\n\n<div class=\"wp-block-media-text has-media-on-the-right is-stacked-on-mobile\" style=\"grid-template-columns:auto 46%\"><div class=\"wp-block-media-text__content\">\n<p><strong>PIMPU\u015a COCTAIL LARP<\/strong><\/p>\n\n\n\n<p>Dynamiczne duo, kt\u00f3re jest w stanie u\u015bwietni\u0107 ka\u017cd\u0105 imprez\u0119 \ud83e\uddd0<br>Cechuj\u0105 ich u\u015bmiechy od ucha do ucha i niesamowite zaanga\u017cowanie w sprawianie swoim klientom wyj\u0105tkowych dozna\u0144 smakowych \ud83d\ude0e<\/p>\n\n\n\n<p>Pimpu\u015b Coctail Larp to jest typowy projekt z mi\u0142o\u015bci, czyli co\u015b co uwielbiamy i szanujemy w op\u00f3r \ud83e\udd70<\/p>\n\n\n\n<p>Potrzebujecie na swojego larp-a mobilnego baru z drineczkami nie z tej ziemi? \ud83d\ude1c<br>Nie szukajcie dalej \ud83d\ude07<br><br><a href=\"https:\/\/www.facebook.com\/pimpus.cocktail.larp\" target=\"_blank\" rel=\"noreferrer noopener\">FACEBOOK<\/a><br><a href=\"https:\/\/www.instagram.com\/pimpus_cocktail_larp\/\" target=\"_blank\" rel=\"noreferrer noopener\">INSTAGRAM<\/a><br><\/p>\n<\/div><figure class=\"wp-block-media-text__media\"><img loading=\"lazy\" decoding=\"async\" width=\"1080\" height=\"1080\" src=\"https:\/\/zakonki.pl\/wp-content\/uploads\/2026\/03\/CP_Pimpus.png\" alt=\"\" class=\"wp-image-920 size-full\"\/><\/figure><\/div>\n","protected":false},"excerpt":{"rendered":"<p>O CO CHODZI\u015arodowisko Zakonek to ludzie bardzo kreatywni i to na bardzo wielu r\u00f3\u017cnych polach. Dlatego te\u017c chcieliby\u015bmy doceni\u0107 i pokaza\u0107 chocia\u017c cz\u0119\u015b\u0107 tego czym si\u0119 zajmuj\u0105. FUJU Fuju nie tylko jest odpowiedzialna za to jak Zakonki wygl\u0105daj\u0105 &#8211; od festynowych k\u00f3\u0142ek, przez puszki, ko\u0142paki, rewelacyjne plakaty, malowane szyldy na barze, murale a\u017c po neony, [&hellip;]<\/p>\n","protected":false},"author":1,"featured_media":0,"parent":0,"menu_order":0,"comment_status":"closed","ping_status":"closed","template":"","meta":{"footnotes":""},"class_list":["post-880","page","type-page","status-publish","hentry"],"blocksy_meta":[],"_links":{"self":[{"href":"https:\/\/zakonki.pl\/index.php?rest_route=\/wp\/v2\/pages\/880","targetHints":{"allow":["GET"]}}],"collection":[{"href":"https:\/\/zakonki.pl\/index.php?rest_route=\/wp\/v2\/pages"}],"about":[{"href":"https:\/\/zakonki.pl\/index.php?rest_route=\/wp\/v2\/types\/page"}],"author":[{"embeddable":true,"href":"https:\/\/zakonki.pl\/index.php?rest_route=\/wp\/v2\/users\/1"}],"replies":[{"embeddable":true,"href":"https:\/\/zakonki.pl\/index.php?rest_route=%2Fwp%2Fv2%2Fcomments&post=880"}],"version-history":[{"count":20,"href":"https:\/\/zakonki.pl\/index.php?rest_route=\/wp\/v2\/pages\/880\/revisions"}],"predecessor-version":[{"id":923,"href":"https:\/\/zakonki.pl\/index.php?rest_route=\/wp\/v2\/pages\/880\/revisions\/923"}],"wp:attachment":[{"href":"https:\/\/zakonki.pl\/index.php?rest_route=%2Fwp%2Fv2%2Fmedia&parent=880"}],"curies":[{"name":"wp","href":"https:\/\/api.w.org\/{rel}","templated":true}]}}